{"id":9956,"date":"2024-04-22T10:35:47","date_gmt":"2024-04-22T08:35:47","guid":{"rendered":"http:\/\/www.coppateodori.org\/?page_id=9956"},"modified":"2024-05-25T20:49:51","modified_gmt":"2024-05-25T18:49:51","slug":"documenti-gara-race-documents-2024","status":"publish","type":"page","link":"https:\/\/www.coppateodori.org\/index.php\/documenti-gara-race-documents-2024\/","title":{"rendered":"DOCUMENTI GARA \/ RACE DOCUMENTS &#8211; 2024"},"content":{"rendered":"\t\t<div data-elementor-type=\"wp-page\" data-elementor-id=\"9956\" class=\"elementor elementor-9956\">\n\t\t\t\t\t\t<\/div>\n\t\t","protected":false},"excerpt":{"rendered":"<p>Autocertificazione piazzamenti anni precedenti Montaggio camera car\u00a0Dichiarazione conformit\u00e0 abbigliamento tecnico Autocertificazione per uso pneumatici Certificazione tecnica annuale Dichiarazione conformit\u00e0 sicurezza vetture TURISMODichiarazione conformit\u00e0 sicurezza vetture STORICHE Dichiarazione conformita` sicurezza vetture GT Dichiarazione conformita` sicurezza vetture SH-SC-CN Dichiarazione conformita` sicurezza vetture SS\u00a0<\/p>\n","protected":false},"author":1,"featured_media":0,"parent":0,"menu_order":0,"comment_status":"closed","ping_status":"closed","template":"","meta":{"_crdt_document":"","om_disable_all_campaigns":false,"_monsterinsights_skip_tracking":false,"_monsterinsights_sitenote_active":false,"_monsterinsights_sitenote_note":"","_monsterinsights_sitenote_category":0,"_uf_show_specific_survey":0,"_uf_disable_surveys":false,"ngg_post_thumbnail":0,"footnotes":""},"class_list":["post-9956","page","type-page","status-publish","hentry"],"_links":{"self":[{"href":"https:\/\/www.coppateodori.org\/index.php\/wp-json\/wp\/v2\/pages\/9956","targetHints":{"allow":["GET"]}}],"collection":[{"href":"https:\/\/www.coppateodori.org\/index.php\/wp-json\/wp\/v2\/pages"}],"about":[{"href":"https:\/\/www.coppateodori.org\/index.php\/wp-json\/wp\/v2\/types\/page"}],"author":[{"embeddable":true,"href":"https:\/\/www.coppateodori.org\/index.php\/wp-json\/wp\/v2\/users\/1"}],"replies":[{"embeddable":true,"href":"https:\/\/www.coppateodori.org\/index.php\/wp-json\/wp\/v2\/comments?post=9956"}],"version-history":[{"count":28,"href":"https:\/\/www.coppateodori.org\/index.php\/wp-json\/wp\/v2\/pages\/9956\/revisions"}],"predecessor-version":[{"id":10022,"href":"https:\/\/www.coppateodori.org\/index.php\/wp-json\/wp\/v2\/pages\/9956\/revisions\/10022"}],"wp:attachment":[{"href":"https:\/\/www.coppateodori.org\/index.php\/wp-json\/wp\/v2\/media?parent=9956"}],"curies":[{"name":"wp","href":"https:\/\/api.w.org\/{rel}","templated":true}]}}